{"id":2577,"date":"2025-04-15T17:46:06","date_gmt":"2025-04-15T20:46:06","guid":{"rendered":"https:\/\/giselebisacchi.com.br\/?page_id=2577"},"modified":"2025-04-21T20:18:46","modified_gmt":"2025-04-21T23:18:46","slug":"casa-facil","status":"publish","type":"page","link":"https:\/\/giselebisacchi.com.br\/?page_id=2577","title":{"rendered":"Casa F\u00e1cil"},"content":{"rendered":"\t\t<div data-elementor-type=\"wp-page\" data-elementor-id=\"2577\" class=\"elementor elementor-2577\" data-elementor-post-type=\"page\">\n\t\t\t\t<div class=\"elementor-element elementor-element-10d329c elementor-hidden-mobile e-flex e-con-boxed e-con e-parent\" data-id=\"10d329c\" data-element_type=\"container\" data-settings=\"{&quot;background_background&quot;:&quot;classic&quot;}\">\n\t\t\t\t\t<div class=\"e-con-inner\">\n\t\t<div class=\"elementor-element elementor-element-22422e3 e-con-full e-flex e-con e-child\" data-id=\"22422e3\" data-element_type=\"container\">\n\t\t<div class=\"elementor-element elementor-element-be07b11 e-con-full e-flex e-con e-child\" data-id=\"be07b11\" data-element_type=\"container\">\n\t\t\t\t<div class=\"elementor-element elementor-element-9d7ba20 elementor-widget-laptop__width-initial elementor-widget__width-initial elementor-widget elementor-widget-image\" data-id=\"9d7ba20\" data-element_type=\"widget\" data-widget_type=\"image.default\">\n\t\t\t\t<div class=\"elementor-widget-container\">\n\t\t\t\t\t\t\t\t\t\t\t\t\t\t\t\t<a href=\"http:\/\/giselebisacchi.com.br\">\n\t\t\t\t\t\t\t<img fetchpriority=\"high\" decoding=\"async\" width=\"904\" height=\"404\" src=\"https:\/\/giselebisacchi.com.br\/wp-content\/uploads\/2025\/04\/Arquiteta-Gis.png\" class=\"attachment-full size-full wp-image-2411\" alt=\"\" srcset=\"https:\/\/giselebisacchi.com.br\/wp-content\/uploads\/2025\/04\/Arquiteta-Gis.png 904w, https:\/\/giselebisacchi.com.br\/wp-content\/uploads\/2025\/04\/Arquiteta-Gis-300x134.png 300w, https:\/\/giselebisacchi.com.br\/wp-content\/uploads\/2025\/04\/Arquiteta-Gis-768x343.png 768w\" sizes=\"(max-width: 904px) 100vw, 904px\" \/>\t\t\t\t\t\t\t\t<\/a>\n\t\t\t\t\t\t\t\t\t\t\t\t\t\t\t<\/div>\n\t\t\t\t<\/div>\n\t\t<div class=\"elementor-element elementor-element-7adb876 e-con-full e-flex e-con e-child\" data-id=\"7adb876\" data-element_type=\"container\">\n\t\t\t\t<div class=\"elementor-element elementor-element-b2be155 hover-grow elementor-widget elementor-widget-text-editor\" data-id=\"b2be155\" data-element_type=\"widget\" data-widget_type=\"text-editor.default\">\n\t\t\t\t<div class=\"elementor-widget-container\">\n\t\t\t\t\t\t\t\t\t<span style=\"color: #ffffff;\"><a style=\"color: #252525;\" href=\"https:\/\/giselebisacchi.com.br\/?page_id=2407\">PORTF\u00d3LIO<\/a><\/span>\t\t\t\t\t\t\t\t<\/div>\n\t\t\t\t<\/div>\n\t\t\t\t<div class=\"elementor-element elementor-element-ecb17e4 hover-grow elementor-widget elementor-widget-text-editor\" data-id=\"ecb17e4\" data-element_type=\"widget\" data-widget_type=\"text-editor.default\">\n\t\t\t\t<div class=\"elementor-widget-container\">\n\t\t\t\t\t\t\t\t\t<span style=\"color: #ffffff;\"><a style=\"color: #252525;\" href=\"https:\/\/giselebisacchi.com.br\/?page_id=2546\">A PROFISSIONAL<\/a><\/span>\t\t\t\t\t\t\t\t<\/div>\n\t\t\t\t<\/div>\n\t\t\t\t<div class=\"elementor-element elementor-element-e0bb417 hover-grow elementor-widget elementor-widget-text-editor\" data-id=\"e0bb417\" data-element_type=\"widget\" data-widget_type=\"text-editor.default\">\n\t\t\t\t<div class=\"elementor-widget-container\">\n\t\t\t\t\t\t\t\t\t<span style=\"color: #ffffff;\"><a style=\"color: #252525;\" href=\"https:\/\/giselebisacchi.com.br\/?page_id=2577\">CASA F\u00c1CIL<\/a><\/span>\t\t\t\t\t\t\t\t<\/div>\n\t\t\t\t<\/div>\n\t\t\t\t<div class=\"elementor-element elementor-element-39d01e6 hover-grow elementor-widget elementor-widget-text-editor\" data-id=\"39d01e6\" data-element_type=\"widget\" data-widget_type=\"text-editor.default\">\n\t\t\t\t<div class=\"elementor-widget-container\">\n\t\t\t\t\t\t\t\t\t<a href=\"https:\/\/giselebisacchi.com.br\/?page_id=2600\"><span style=\"color: #252525;\">V\u00cdDEOS<\/span><\/a>\t\t\t\t\t\t\t\t<\/div>\n\t\t\t\t<\/div>\n\t\t\t\t<div class=\"elementor-element elementor-element-5390391 hover-grow elementor-widget elementor-widget-text-editor\" data-id=\"5390391\" data-element_type=\"widget\" data-widget_type=\"text-editor.default\">\n\t\t\t\t<div class=\"elementor-widget-container\">\n\t\t\t\t\t\t\t\t\t<span style=\"color: #ffffff;\"><a style=\"color: #252525;\" href=\"https:\/\/giselebisacchi.com.br\/?page_id=2631\">ENTRE EM CONTATO<\/a><\/span>\t\t\t\t\t\t\t\t<\/div>\n\t\t\t\t<\/div>\n\t\t\t\t<\/div>\n\t\t\t\t<\/div>\n\t\t\t\t<\/div>\n\t\t\t\t\t<\/div>\n\t\t\t\t<\/div>\n\t\t<div class=\"elementor-element elementor-element-73a565d elementor-hidden-desktop elementor-hidden-laptop elementor-hidden-tablet e-flex e-con-boxed e-con e-parent\" data-id=\"73a565d\" data-element_type=\"container\" data-settings=\"{&quot;background_background&quot;:&quot;classic&quot;}\">\n\t\t\t\t\t<div class=\"e-con-inner\">\n\t\t<div class=\"elementor-element elementor-element-4b7e718 e-con-full e-flex e-con e-child\" data-id=\"4b7e718\" data-element_type=\"container\">\n\t\t\t\t<div class=\"elementor-element elementor-element-34d85e1 elementor-widget-laptop__width-initial elementor-widget elementor-widget-image\" data-id=\"34d85e1\" data-element_type=\"widget\" data-widget_type=\"image.default\">\n\t\t\t\t<div class=\"elementor-widget-container\">\n\t\t\t\t\t\t\t\t\t\t\t\t\t\t\t<img fetchpriority=\"high\" decoding=\"async\" width=\"904\" height=\"404\" src=\"https:\/\/giselebisacchi.com.br\/wp-content\/uploads\/2025\/04\/Arquiteta-Gis.png\" class=\"attachment-full size-full wp-image-2411\" alt=\"\" srcset=\"https:\/\/giselebisacchi.com.br\/wp-content\/uploads\/2025\/04\/Arquiteta-Gis.png 904w, https:\/\/giselebisacchi.com.br\/wp-content\/uploads\/2025\/04\/Arquiteta-Gis-300x134.png 300w, https:\/\/giselebisacchi.com.br\/wp-content\/uploads\/2025\/04\/Arquiteta-Gis-768x343.png 768w\" sizes=\"(max-width: 904px) 100vw, 904px\" \/>\t\t\t\t\t\t\t\t\t\t\t\t\t\t\t<\/div>\n\t\t\t\t<\/div>\n\t\t\t\t<div class=\"elementor-element elementor-element-55c2485 elementor-view-default elementor-widget elementor-widget-icon\" data-id=\"55c2485\" data-element_type=\"widget\" data-widget_type=\"icon.default\">\n\t\t\t\t<div class=\"elementor-widget-container\">\n\t\t\t\t\t\t\t<div class=\"elementor-icon-wrapper\">\n\t\t\t<a class=\"elementor-icon\" href=\"#elementor-action%3Aaction%3Dpopup%3Aopen%26settings%3DeyJpZCI6IjIzODciLCJ0b2dnbGUiOmZhbHNlfQ%3D%3D\">\n\t\t\t<i aria-hidden=\"true\" class=\"fas fa-bars\"><\/i>\t\t\t<\/a>\n\t\t<\/div>\n\t\t\t\t\t\t<\/div>\n\t\t\t\t<\/div>\n\t\t\t\t<\/div>\n\t\t\t\t\t<\/div>\n\t\t\t\t<\/div>\n\t\t<div class=\"elementor-element elementor-element-86a4573 e-flex e-con-boxed e-con e-parent\" data-id=\"86a4573\" data-element_type=\"container\" data-settings=\"{&quot;background_background&quot;:&quot;classic&quot;}\">\n\t\t\t\t\t<div class=\"e-con-inner\">\n\t\t\t\t<div class=\"elementor-element elementor-element-8dc1451 elementor-widget__width-initial elementor-widget elementor-widget-text-editor\" data-id=\"8dc1451\" data-element_type=\"widget\" data-widget_type=\"text-editor.default\">\n\t\t\t\t<div class=\"elementor-widget-container\">\n\t\t\t\t\t\t\t\t\t<p>Casa F\u00e1cil<\/p>\t\t\t\t\t\t\t\t<\/div>\n\t\t\t\t<\/div>\n\t\t\t\t<div class=\"elementor-element elementor-element-5ac7b64 elementor-widget__width-initial elementor-widget elementor-widget-video\" data-id=\"5ac7b64\" data-element_type=\"widget\" data-settings=\"{&quot;youtube_url&quot;:&quot;https:\\\/\\\/www.youtube.com\\\/watch?v=I9IUQPEtxpo&amp;t=1s&quot;,&quot;video_type&quot;:&quot;youtube&quot;,&quot;controls&quot;:&quot;yes&quot;}\" data-widget_type=\"video.default\">\n\t\t\t\t<div class=\"elementor-widget-container\">\n\t\t\t\t\t\t\t<div class=\"elementor-wrapper elementor-open-inline\">\n\t\t\t<div class=\"elementor-video\"><\/div>\t\t<\/div>\n\t\t\t\t\t\t<\/div>\n\t\t\t\t<\/div>\n\t\t\t\t<div class=\"elementor-element elementor-element-22249b2 elementor-align-center elementor-widget elementor-widget-button\" data-id=\"22249b2\" data-element_type=\"widget\" data-widget_type=\"button.default\">\n\t\t\t\t<div class=\"elementor-widget-container\">\n\t\t\t\t\t\t\t\t\t<div class=\"elementor-button-wrapper\">\n\t\t\t\t\t<a class=\"elementor-button elementor-button-link elementor-size-sm elementor-animation-grow\" href=\"https:\/\/giselebisacchi.com.br\/?page_id=2631\">\n\t\t\t\t\t\t<span class=\"elementor-button-content-wrapper\">\n\t\t\t\t\t\t\t\t\t<span class=\"elementor-button-text\">QUERO FAZER UM OR\u00c7AMENTO<\/span>\n\t\t\t\t\t<\/span>\n\t\t\t\t\t<\/a>\n\t\t\t\t<\/div>\n\t\t\t\t\t\t\t\t<\/div>\n\t\t\t\t<\/div>\n\t\t\t\t\t<\/div>\n\t\t\t\t<\/div>\n\t\t<div class=\"elementor-element elementor-element-1455579 e-flex e-con-boxed e-con e-parent\" data-id=\"1455579\" data-element_type=\"container\" data-settings=\"{&quot;background_background&quot;:&quot;classic&quot;}\">\n\t\t\t\t\t<div class=\"e-con-inner\">\n\t\t<div class=\"elementor-element elementor-element-724b34a e-con-full e-flex e-con e-child\" data-id=\"724b34a\" data-element_type=\"container\">\n\t\t\t\t<div class=\"elementor-element elementor-element-81438bc elementor-view-stacked elementor-shape-circle elementor-widget elementor-widget-icon\" data-id=\"81438bc\" data-element_type=\"widget\" data-widget_type=\"icon.default\">\n\t\t\t\t<div class=\"elementor-widget-container\">\n\t\t\t\t\t\t\t<div class=\"elementor-icon-wrapper\">\n\t\t\t<a class=\"elementor-icon elementor-animation-grow\" href=\"https:\/\/www.instagram.com\/giselebisacchiarquiteta\/\">\n\t\t\t<i aria-hidden=\"true\" class=\"fab fa-instagram\"><\/i>\t\t\t<\/a>\n\t\t<\/div>\n\t\t\t\t\t\t<\/div>\n\t\t\t\t<\/div>\n\t\t\t\t<div class=\"elementor-element elementor-element-39592d9 elementor-view-stacked elementor-shape-circle elementor-widget elementor-widget-icon\" data-id=\"39592d9\" data-element_type=\"widget\" data-widget_type=\"icon.default\">\n\t\t\t\t<div class=\"elementor-widget-container\">\n\t\t\t\t\t\t\t<div class=\"elementor-icon-wrapper\">\n\t\t\t<a class=\"elementor-icon elementor-animation-grow\" href=\"https:\/\/www.facebook.com\/gibisacchi\" target=\"_blank\">\n\t\t\t<i aria-hidden=\"true\" class=\"fab fa-facebook-square\"><\/i>\t\t\t<\/a>\n\t\t<\/div>\n\t\t\t\t\t\t<\/div>\n\t\t\t\t<\/div>\n\t\t\t\t<div class=\"elementor-element elementor-element-343e791 elementor-view-stacked elementor-shape-circle elementor-widget elementor-widget-icon\" data-id=\"343e791\" data-element_type=\"widget\" data-widget_type=\"icon.default\">\n\t\t\t\t<div class=\"elementor-widget-container\">\n\t\t\t\t\t\t\t<div class=\"elementor-icon-wrapper\">\n\t\t\t<a class=\"elementor-icon elementor-animation-grow\" href=\"https:\/\/api.whatsapp.com\/send?phone=5501839085636&#038;text=eu%20gostaria%20de%20um%20or%C3%A7amento%20de....\">\n\t\t\t<i aria-hidden=\"true\" class=\"fab fa-whatsapp\"><\/i>\t\t\t<\/a>\n\t\t<\/div>\n\t\t\t\t\t\t<\/div>\n\t\t\t\t<\/div>\n\t\t\t\t<\/div>\n\t\t<div class=\"elementor-element elementor-element-c3b6f99 e-con-full e-flex e-con e-child\" data-id=\"c3b6f99\" data-element_type=\"container\">\n\t\t\t\t<div class=\"elementor-element elementor-element-8eef90f elementor-widget__width-initial elementor-widget elementor-widget-text-editor\" data-id=\"8eef90f\" data-element_type=\"widget\" data-widget_type=\"text-editor.default\">\n\t\t\t\t<div class=\"elementor-widget-container\">\n\t\t\t\t\t\t\t\t\tConstrutora Bisacchi Ltda\u00a0<BR> Avenida Coronel Jos\u00e9 Soares Marcondes,\n1005 &#8211; A &#8211; Centro &#8211; Presidente Prudente &#8211; SP<BR>\nTEL. +55 18-39085636\t\t\t\t\t\t\t\t<\/div>\n\t\t\t\t<\/div>\n\t\t\t\t<\/div>\n\t\t\t\t\t<\/div>\n\t\t\t\t<\/div>\n\t\t\t\t<\/div>\n\t\t","protected":false},"excerpt":{"rendered":"<p>PORTF\u00d3LIOA PROFISSIONALCASA F\u00c1CILV\u00cdDEOSENTRE EM CONTATO Casa F\u00e1cil https:\/\/www.youtube.com\/watch?v=I9IUQPEtxpo&#038;t=1s QUERO FAZER UM OR\u00c7AMENTO Construtora Bisacchi Ltda\u00a0 Avenida Coronel Jos\u00e9 Soares Marcondes, 1005 &#8211; A &#8211; Centro &#8211; Presidente Prudente &#8211; SP TEL. +55 18-39085636<\/p>\n","protected":false},"author":1,"featured_media":0,"parent":0,"menu_order":0,"comment_status":"closed","ping_status":"closed","template":"elementor_canvas","meta":{"footnotes":""},"class_list":["post-2577","page","type-page","status-publish","hentry"],"_links":{"self":[{"href":"https:\/\/giselebisacchi.com.br\/index.php?rest_route=\/wp\/v2\/pages\/2577","targetHints":{"allow":["GET"]}}],"collection":[{"href":"https:\/\/giselebisacchi.com.br\/index.php?rest_route=\/wp\/v2\/pages"}],"about":[{"href":"https:\/\/giselebisacchi.com.br\/index.php?rest_route=\/wp\/v2\/types\/page"}],"author":[{"embeddable":true,"href":"https:\/\/giselebisacchi.com.br\/index.php?rest_route=\/wp\/v2\/users\/1"}],"replies":[{"embeddable":true,"href":"https:\/\/giselebisacchi.com.br\/index.php?rest_route=%2Fwp%2Fv2%2Fcomments&post=2577"}],"version-history":[{"count":21,"href":"https:\/\/giselebisacchi.com.br\/index.php?rest_route=\/wp\/v2\/pages\/2577\/revisions"}],"predecessor-version":[{"id":2814,"href":"https:\/\/giselebisacchi.com.br\/index.php?rest_route=\/wp\/v2\/pages\/2577\/revisions\/2814"}],"wp:attachment":[{"href":"https:\/\/giselebisacchi.com.br\/index.php?rest_route=%2Fwp%2Fv2%2Fmedia&parent=2577"}],"curies":[{"name":"wp","href":"https:\/\/api.w.org\/{rel}","templated":true}]}}