{"id":2600,"date":"2025-04-15T18:13:04","date_gmt":"2025-04-15T21:13:04","guid":{"rendered":"https:\/\/giselebisacchi.com.br\/?page_id=2600"},"modified":"2025-04-21T19:30:30","modified_gmt":"2025-04-21T22:30:30","slug":"a-profissional-duplicate-2546","status":"publish","type":"page","link":"https:\/\/giselebisacchi.com.br\/?page_id=2600","title":{"rendered":"V\u00eddeos"},"content":{"rendered":"\t\t<div data-elementor-type=\"wp-page\" data-elementor-id=\"2600\" class=\"elementor elementor-2600\" data-elementor-post-type=\"page\">\n\t\t\t\t<div class=\"elementor-element elementor-element-a480141 elementor-hidden-mobile e-flex e-con-boxed e-con e-parent\" data-id=\"a480141\" data-element_type=\"container\" data-settings=\"{&quot;background_background&quot;:&quot;classic&quot;}\">\n\t\t\t\t\t<div class=\"e-con-inner\">\n\t\t<div class=\"elementor-element elementor-element-0a0ab8d e-con-full e-flex e-con e-child\" data-id=\"0a0ab8d\" data-element_type=\"container\">\n\t\t<div class=\"elementor-element elementor-element-49a9a7c e-con-full e-flex e-con e-child\" data-id=\"49a9a7c\" data-element_type=\"container\">\n\t\t\t\t<div class=\"elementor-element elementor-element-c0fe9f0 elementor-widget-laptop__width-initial elementor-widget__width-initial elementor-widget elementor-widget-image\" data-id=\"c0fe9f0\" data-element_type=\"widget\" data-widget_type=\"image.default\">\n\t\t\t\t<div class=\"elementor-widget-container\">\n\t\t\t\t\t\t\t\t\t\t\t\t\t\t\t\t<a href=\"http:\/\/giselebisacchi.com.br\">\n\t\t\t\t\t\t\t<img fetchpriority=\"high\" decoding=\"async\" width=\"904\" height=\"404\" src=\"https:\/\/giselebisacchi.com.br\/wp-content\/uploads\/2025\/04\/Arquiteta-Gis.png\" class=\"attachment-full size-full wp-image-2411\" alt=\"\" srcset=\"https:\/\/giselebisacchi.com.br\/wp-content\/uploads\/2025\/04\/Arquiteta-Gis.png 904w, https:\/\/giselebisacchi.com.br\/wp-content\/uploads\/2025\/04\/Arquiteta-Gis-300x134.png 300w, https:\/\/giselebisacchi.com.br\/wp-content\/uploads\/2025\/04\/Arquiteta-Gis-768x343.png 768w\" sizes=\"(max-width: 904px) 100vw, 904px\" \/>\t\t\t\t\t\t\t\t<\/a>\n\t\t\t\t\t\t\t\t\t\t\t\t\t\t\t<\/div>\n\t\t\t\t<\/div>\n\t\t<div class=\"elementor-element elementor-element-f6b786f e-con-full e-flex e-con e-child\" data-id=\"f6b786f\" data-element_type=\"container\">\n\t\t\t\t<div class=\"elementor-element elementor-element-9cc2915 hover-grow elementor-widget elementor-widget-text-editor\" data-id=\"9cc2915\" data-element_type=\"widget\" data-widget_type=\"text-editor.default\">\n\t\t\t\t<div class=\"elementor-widget-container\">\n\t\t\t\t\t\t\t\t\t<span style=\"color: #ffffff;\"><a style=\"color: #252525;\" href=\"https:\/\/giselebisacchi.com.br\/?page_id=2407\">PORTF\u00d3LIO<\/a><\/span>\t\t\t\t\t\t\t\t<\/div>\n\t\t\t\t<\/div>\n\t\t\t\t<div class=\"elementor-element elementor-element-4684345 hover-grow elementor-widget elementor-widget-text-editor\" data-id=\"4684345\" data-element_type=\"widget\" data-widget_type=\"text-editor.default\">\n\t\t\t\t<div class=\"elementor-widget-container\">\n\t\t\t\t\t\t\t\t\t<span style=\"color: #ffffff;\"><a style=\"color: #252525;\" href=\"https:\/\/giselebisacchi.com.br\/?page_id=2546\">A PROFISSIONAL<\/a><\/span>\t\t\t\t\t\t\t\t<\/div>\n\t\t\t\t<\/div>\n\t\t\t\t<div class=\"elementor-element elementor-element-eb29c46 hover-grow elementor-widget elementor-widget-text-editor\" data-id=\"eb29c46\" data-element_type=\"widget\" data-widget_type=\"text-editor.default\">\n\t\t\t\t<div class=\"elementor-widget-container\">\n\t\t\t\t\t\t\t\t\t<span style=\"color: #ffffff;\"><a style=\"color: #252525;\" href=\"https:\/\/giselebisacchi.com.br\/?page_id=2577\">CASA F\u00c1CIL<\/a><\/span>\t\t\t\t\t\t\t\t<\/div>\n\t\t\t\t<\/div>\n\t\t\t\t<div class=\"elementor-element elementor-element-3d8ab12 hover-grow elementor-widget elementor-widget-text-editor\" data-id=\"3d8ab12\" data-element_type=\"widget\" data-widget_type=\"text-editor.default\">\n\t\t\t\t<div class=\"elementor-widget-container\">\n\t\t\t\t\t\t\t\t\t<a href=\"https:\/\/giselebisacchi.com.br\/?page_id=2600\"><span style=\"color: #252525;\">V\u00cdDEOS<\/span><\/a>\t\t\t\t\t\t\t\t<\/div>\n\t\t\t\t<\/div>\n\t\t\t\t<div class=\"elementor-element elementor-element-90e9148 hover-grow elementor-widget elementor-widget-text-editor\" data-id=\"90e9148\" data-element_type=\"widget\" data-widget_type=\"text-editor.default\">\n\t\t\t\t<div class=\"elementor-widget-container\">\n\t\t\t\t\t\t\t\t\t<span style=\"color: #ffffff;\"><a style=\"color: #252525;\" href=\"https:\/\/giselebisacchi.com.br\/?page_id=2631\">ENTRE EM CONTATO<\/a><\/span>\t\t\t\t\t\t\t\t<\/div>\n\t\t\t\t<\/div>\n\t\t\t\t<\/div>\n\t\t\t\t<\/div>\n\t\t\t\t<\/div>\n\t\t\t\t\t<\/div>\n\t\t\t\t<\/div>\n\t\t<div class=\"elementor-element elementor-element-c1275af elementor-hidden-desktop elementor-hidden-laptop elementor-hidden-tablet e-flex e-con-boxed e-con e-parent\" data-id=\"c1275af\" data-element_type=\"container\" data-settings=\"{&quot;background_background&quot;:&quot;classic&quot;}\">\n\t\t\t\t\t<div class=\"e-con-inner\">\n\t\t<div class=\"elementor-element elementor-element-dfe5247 e-con-full e-flex e-con e-child\" data-id=\"dfe5247\" data-element_type=\"container\">\n\t\t\t\t<div class=\"elementor-element elementor-element-d376d99 elementor-widget-laptop__width-initial elementor-widget elementor-widget-image\" data-id=\"d376d99\" data-element_type=\"widget\" data-widget_type=\"image.default\">\n\t\t\t\t<div class=\"elementor-widget-container\">\n\t\t\t\t\t\t\t\t\t\t\t\t\t\t\t<img fetchpriority=\"high\" decoding=\"async\" width=\"904\" height=\"404\" src=\"https:\/\/giselebisacchi.com.br\/wp-content\/uploads\/2025\/04\/Arquiteta-Gis.png\" class=\"attachment-full size-full wp-image-2411\" alt=\"\" srcset=\"https:\/\/giselebisacchi.com.br\/wp-content\/uploads\/2025\/04\/Arquiteta-Gis.png 904w, https:\/\/giselebisacchi.com.br\/wp-content\/uploads\/2025\/04\/Arquiteta-Gis-300x134.png 300w, https:\/\/giselebisacchi.com.br\/wp-content\/uploads\/2025\/04\/Arquiteta-Gis-768x343.png 768w\" sizes=\"(max-width: 904px) 100vw, 904px\" \/>\t\t\t\t\t\t\t\t\t\t\t\t\t\t\t<\/div>\n\t\t\t\t<\/div>\n\t\t\t\t<div class=\"elementor-element elementor-element-73b2d8f elementor-view-default elementor-widget elementor-widget-icon\" data-id=\"73b2d8f\" data-element_type=\"widget\" data-widget_type=\"icon.default\">\n\t\t\t\t<div class=\"elementor-widget-container\">\n\t\t\t\t\t\t\t<div class=\"elementor-icon-wrapper\">\n\t\t\t<a class=\"elementor-icon\" href=\"#elementor-action%3Aaction%3Dpopup%3Aopen%26settings%3DeyJpZCI6IjIzODciLCJ0b2dnbGUiOmZhbHNlfQ%3D%3D\">\n\t\t\t<i aria-hidden=\"true\" class=\"fas fa-bars\"><\/i>\t\t\t<\/a>\n\t\t<\/div>\n\t\t\t\t\t\t<\/div>\n\t\t\t\t<\/div>\n\t\t\t\t<\/div>\n\t\t\t\t\t<\/div>\n\t\t\t\t<\/div>\n\t\t<div class=\"elementor-element elementor-element-b1d7aa8 e-flex e-con-boxed e-con e-parent\" data-id=\"b1d7aa8\" data-element_type=\"container\" data-settings=\"{&quot;background_background&quot;:&quot;classic&quot;}\">\n\t\t\t\t\t<div class=\"e-con-inner\">\n\t\t\t\t<div class=\"elementor-element elementor-element-22c4fc5 elementor-widget__width-initial elementor-widget elementor-widget-text-editor\" data-id=\"22c4fc5\" data-element_type=\"widget\" data-widget_type=\"text-editor.default\">\n\t\t\t\t<div class=\"elementor-widget-container\">\n\t\t\t\t\t\t\t\t\t<p>V\u00eddeos que sa\u00edram na m\u00eddia e sobre nosso escrit\u00f3rio<\/p>\t\t\t\t\t\t\t\t<\/div>\n\t\t\t\t<\/div>\n\t\t<div class=\"elementor-element elementor-element-2c47aab e-con-full e-flex e-con e-child\" data-id=\"2c47aab\" data-element_type=\"container\" data-settings=\"{&quot;background_background&quot;:&quot;classic&quot;}\">\n\t\t<div class=\"elementor-element elementor-element-414a63b e-con-full e-flex e-con e-child\" data-id=\"414a63b\" data-element_type=\"container\">\n\t\t\t\t<div class=\"elementor-element elementor-element-dc0efca elementor-widget elementor-widget-video\" data-id=\"dc0efca\" data-element_type=\"widget\" data-settings=\"{&quot;youtube_url&quot;:&quot;https:\\\/\\\/youtu.be\\\/3wkzk1yqIQc&quot;,&quot;video_type&quot;:&quot;youtube&quot;,&quot;controls&quot;:&quot;yes&quot;}\" data-widget_type=\"video.default\">\n\t\t\t\t<div class=\"elementor-widget-container\">\n\t\t\t\t\t\t\t<div class=\"elementor-wrapper elementor-open-inline\">\n\t\t\t<div class=\"elementor-video\"><\/div>\t\t<\/div>\n\t\t\t\t\t\t<\/div>\n\t\t\t\t<\/div>\n\t\t\t\t<\/div>\n\t\t<div class=\"elementor-element elementor-element-0f42a18 e-con-full e-flex e-con e-child\" data-id=\"0f42a18\" data-element_type=\"container\">\n\t\t\t\t<div class=\"elementor-element elementor-element-6f10383 elementor-widget elementor-widget-image-box\" data-id=\"6f10383\" data-element_type=\"widget\" data-widget_type=\"image-box.default\">\n\t\t\t\t<div class=\"elementor-widget-container\">\n\t\t\t\t\t<div class=\"elementor-image-box-wrapper\"><div class=\"elementor-image-box-content\"><h3 class=\"elementor-image-box-title\">Entrevista na TV Fronteira (Globo)<\/h3><p class=\"elementor-image-box-description\">onde falo sobre o mercado da constru\u00e7\u00e3o civil. \n<\/p><\/div><\/div>\t\t\t\t<\/div>\n\t\t\t\t<\/div>\n\t\t\t\t<\/div>\n\t\t\t\t<\/div>\n\t\t<div class=\"elementor-element elementor-element-af70d3d e-con-full e-flex e-con e-child\" data-id=\"af70d3d\" data-element_type=\"container\" data-settings=\"{&quot;background_background&quot;:&quot;classic&quot;}\">\n\t\t<div class=\"elementor-element elementor-element-dfc9b8e e-con-full e-flex e-con e-child\" data-id=\"dfc9b8e\" data-element_type=\"container\">\n\t\t\t\t<div class=\"elementor-element elementor-element-dfb60d5 elementor-widget elementor-widget-video\" data-id=\"dfb60d5\" data-element_type=\"widget\" data-settings=\"{&quot;youtube_url&quot;:&quot;https:\\\/\\\/www.youtube.com\\\/watch?v=ttxhY87y7BU&amp;t=2s&quot;,&quot;video_type&quot;:&quot;youtube&quot;,&quot;controls&quot;:&quot;yes&quot;}\" data-widget_type=\"video.default\">\n\t\t\t\t<div class=\"elementor-widget-container\">\n\t\t\t\t\t\t\t<div class=\"elementor-wrapper elementor-open-inline\">\n\t\t\t<div class=\"elementor-video\"><\/div>\t\t<\/div>\n\t\t\t\t\t\t<\/div>\n\t\t\t\t<\/div>\n\t\t\t\t<\/div>\n\t\t<div class=\"elementor-element elementor-element-6e1da0d e-con-full e-flex e-con e-child\" data-id=\"6e1da0d\" data-element_type=\"container\">\n\t\t\t\t<div class=\"elementor-element elementor-element-3cae191 elementor-widget elementor-widget-image-box\" data-id=\"3cae191\" data-element_type=\"widget\" data-widget_type=\"image-box.default\">\n\t\t\t\t<div class=\"elementor-widget-container\">\n\t\t\t\t\t<div class=\"elementor-image-box-wrapper\"><div class=\"elementor-image-box-content\"><h3 class=\"elementor-image-box-title\">O que fazemos no escrit\u00f3rio<\/h3><p class=\"elementor-image-box-description\">Aqui eu conto como trabalhamos: os projetos, obras e muito mais, fique por dentro dos bastidores<\/p><\/div><\/div>\t\t\t\t<\/div>\n\t\t\t\t<\/div>\n\t\t\t\t<\/div>\n\t\t\t\t<\/div>\n\t\t<div class=\"elementor-element elementor-element-3ed5542 e-con-full e-flex e-con e-child\" data-id=\"3ed5542\" data-element_type=\"container\" data-settings=\"{&quot;background_background&quot;:&quot;classic&quot;}\">\n\t\t<div class=\"elementor-element elementor-element-4d9eec8 e-con-full e-flex e-con e-child\" data-id=\"4d9eec8\" data-element_type=\"container\">\n\t\t\t\t<div class=\"elementor-element elementor-element-ad4aafb elementor-widget elementor-widget-video\" data-id=\"ad4aafb\" data-element_type=\"widget\" data-settings=\"{&quot;youtube_url&quot;:&quot;https:\\\/\\\/www.youtube.com\\\/watch?v=3SI5IXPhAwI&quot;,&quot;video_type&quot;:&quot;youtube&quot;,&quot;controls&quot;:&quot;yes&quot;}\" data-widget_type=\"video.default\">\n\t\t\t\t<div class=\"elementor-widget-container\">\n\t\t\t\t\t\t\t<div class=\"elementor-wrapper elementor-open-inline\">\n\t\t\t<div class=\"elementor-video\"><\/div>\t\t<\/div>\n\t\t\t\t\t\t<\/div>\n\t\t\t\t<\/div>\n\t\t\t\t<\/div>\n\t\t<div class=\"elementor-element elementor-element-89f848d e-con-full e-flex e-con e-child\" data-id=\"89f848d\" data-element_type=\"container\">\n\t\t\t\t<div class=\"elementor-element elementor-element-09d92c5 elementor-widget elementor-widget-image-box\" data-id=\"09d92c5\" data-element_type=\"widget\" data-widget_type=\"image-box.default\">\n\t\t\t\t<div class=\"elementor-widget-container\">\n\t\t\t\t\t<div class=\"elementor-image-box-wrapper\"><div class=\"elementor-image-box-content\"><h3 class=\"elementor-image-box-title\">Como \u00e9 o escrit\u00f3rio<\/h3><p class=\"elementor-image-box-description\">Conhe\u00e7a aqui o escrit\u00f3rio, nosso espa\u00e7o para recebermos os clientes...\n\n<\/p><\/div><\/div>\t\t\t\t<\/div>\n\t\t\t\t<\/div>\n\t\t\t\t<\/div>\n\t\t\t\t<\/div>\n\t\t<div class=\"elementor-element elementor-element-e7928a1 e-con-full e-flex e-con e-child\" data-id=\"e7928a1\" data-element_type=\"container\" data-settings=\"{&quot;background_background&quot;:&quot;classic&quot;}\">\n\t\t<div class=\"elementor-element elementor-element-a64965a e-con-full e-flex e-con e-child\" data-id=\"a64965a\" data-element_type=\"container\">\n\t\t\t\t<div class=\"elementor-element elementor-element-ab16917 elementor-widget elementor-widget-image-box\" data-id=\"ab16917\" data-element_type=\"widget\" data-widget_type=\"image-box.default\">\n\t\t\t\t<div class=\"elementor-widget-container\">\n\t\t\t\t\t<div class=\"elementor-image-box-wrapper\"><div class=\"elementor-image-box-content\"><p class=\"elementor-image-box-description\">Aguardem,  em breve teremos mais v\u00eddeos!\n<\/p><\/div><\/div>\t\t\t\t<\/div>\n\t\t\t\t<\/div>\n\t\t\t\t<\/div>\n\t\t\t\t<\/div>\n\t\t\t\t\t<\/div>\n\t\t\t\t<\/div>\n\t\t<div class=\"elementor-element elementor-element-ee12c38 e-flex e-con-boxed e-con e-parent\" data-id=\"ee12c38\" data-element_type=\"container\" data-settings=\"{&quot;background_background&quot;:&quot;classic&quot;}\">\n\t\t\t\t\t<div class=\"e-con-inner\">\n\t\t<div class=\"elementor-element elementor-element-15df265 e-con-full e-flex e-con e-child\" data-id=\"15df265\" data-element_type=\"container\">\n\t\t\t\t<div class=\"elementor-element elementor-element-c2d3267 elementor-view-stacked elementor-shape-circle elementor-widget elementor-widget-icon\" data-id=\"c2d3267\" data-element_type=\"widget\" data-widget_type=\"icon.default\">\n\t\t\t\t<div class=\"elementor-widget-container\">\n\t\t\t\t\t\t\t<div class=\"elementor-icon-wrapper\">\n\t\t\t<a class=\"elementor-icon elementor-animation-grow\" href=\"https:\/\/www.instagram.com\/giselebisacchiarquiteta\/\">\n\t\t\t<i aria-hidden=\"true\" class=\"fab fa-instagram\"><\/i>\t\t\t<\/a>\n\t\t<\/div>\n\t\t\t\t\t\t<\/div>\n\t\t\t\t<\/div>\n\t\t\t\t<div class=\"elementor-element elementor-element-17c5938 elementor-view-stacked elementor-shape-circle elementor-widget elementor-widget-icon\" data-id=\"17c5938\" data-element_type=\"widget\" data-widget_type=\"icon.default\">\n\t\t\t\t<div class=\"elementor-widget-container\">\n\t\t\t\t\t\t\t<div class=\"elementor-icon-wrapper\">\n\t\t\t<a class=\"elementor-icon elementor-animation-grow\" href=\"https:\/\/www.facebook.com\/gibisacchi\" target=\"_blank\">\n\t\t\t<i aria-hidden=\"true\" class=\"fab fa-facebook-square\"><\/i>\t\t\t<\/a>\n\t\t<\/div>\n\t\t\t\t\t\t<\/div>\n\t\t\t\t<\/div>\n\t\t\t\t<div class=\"elementor-element elementor-element-df7cb41 elementor-view-stacked elementor-shape-circle elementor-widget elementor-widget-icon\" data-id=\"df7cb41\" data-element_type=\"widget\" data-widget_type=\"icon.default\">\n\t\t\t\t<div class=\"elementor-widget-container\">\n\t\t\t\t\t\t\t<div class=\"elementor-icon-wrapper\">\n\t\t\t<a class=\"elementor-icon elementor-animation-grow\" href=\"https:\/\/api.whatsapp.com\/send?phone=5501839085636&#038;text=eu%20gostaria%20de%20um%20or%C3%A7amento%20de....\">\n\t\t\t<i aria-hidden=\"true\" class=\"fab fa-whatsapp\"><\/i>\t\t\t<\/a>\n\t\t<\/div>\n\t\t\t\t\t\t<\/div>\n\t\t\t\t<\/div>\n\t\t\t\t<\/div>\n\t\t<div class=\"elementor-element elementor-element-0e58f98 e-con-full e-flex e-con e-child\" data-id=\"0e58f98\" data-element_type=\"container\">\n\t\t\t\t<div class=\"elementor-element elementor-element-52dda90 elementor-widget__width-initial elementor-widget elementor-widget-text-editor\" data-id=\"52dda90\" data-element_type=\"widget\" data-widget_type=\"text-editor.default\">\n\t\t\t\t<div class=\"elementor-widget-container\">\n\t\t\t\t\t\t\t\t\tConstrutora Bisacchi Ltda\u00a0<BR> Avenida Coronel Jos\u00e9 Soares Marcondes,\n1005 &#8211; A &#8211; Centro &#8211; Presidente Prudente &#8211; SP<BR>\nTEL. +55 18-39085636\t\t\t\t\t\t\t\t<\/div>\n\t\t\t\t<\/div>\n\t\t\t\t<\/div>\n\t\t\t\t\t<\/div>\n\t\t\t\t<\/div>\n\t\t\t\t<\/div>\n\t\t","protected":false},"excerpt":{"rendered":"<p>PORTF\u00d3LIOA PROFISSIONALCASA F\u00c1CILV\u00cdDEOSENTRE EM CONTATO V\u00eddeos que sa\u00edram na m\u00eddia e sobre nosso escrit\u00f3rio https:\/\/youtu.be\/3wkzk1yqIQc Entrevista na TV Fronteira (Globo) onde falo sobre o mercado da constru\u00e7\u00e3o civil. O que fazemos no escrit\u00f3rio Aqui eu conto como trabalhamos: os projetos, obras e muito mais, fique por dentro dos bastidores Como \u00e9 o escrit\u00f3rio Conhe\u00e7a aqui [&hellip;]<\/p>\n","protected":false},"author":1,"featured_media":0,"parent":0,"menu_order":0,"comment_status":"closed","ping_status":"closed","template":"elementor_canvas","meta":{"footnotes":""},"class_list":["post-2600","page","type-page","status-publish","hentry"],"_links":{"self":[{"href":"https:\/\/giselebisacchi.com.br\/index.php?rest_route=\/wp\/v2\/pages\/2600","targetHints":{"allow":["GET"]}}],"collection":[{"href":"https:\/\/giselebisacchi.com.br\/index.php?rest_route=\/wp\/v2\/pages"}],"about":[{"href":"https:\/\/giselebisacchi.com.br\/index.php?rest_route=\/wp\/v2\/types\/page"}],"author":[{"embeddable":true,"href":"https:\/\/giselebisacchi.com.br\/index.php?rest_route=\/wp\/v2\/users\/1"}],"replies":[{"embeddable":true,"href":"https:\/\/giselebisacchi.com.br\/index.php?rest_route=%2Fwp%2Fv2%2Fcomments&post=2600"}],"version-history":[{"count":21,"href":"https:\/\/giselebisacchi.com.br\/index.php?rest_route=\/wp\/v2\/pages\/2600\/revisions"}],"predecessor-version":[{"id":2749,"href":"https:\/\/giselebisacchi.com.br\/index.php?rest_route=\/wp\/v2\/pages\/2600\/revisions\/2749"}],"wp:attachment":[{"href":"https:\/\/giselebisacchi.com.br\/index.php?rest_route=%2Fwp%2Fv2%2Fmedia&parent=2600"}],"curies":[{"name":"wp","href":"https:\/\/api.w.org\/{rel}","templated":true}]}}