{"id":2631,"date":"2025-04-15T18:36:10","date_gmt":"2025-04-15T21:36:10","guid":{"rendered":"https:\/\/giselebisacchi.com.br\/?page_id=2631"},"modified":"2025-04-21T20:00:56","modified_gmt":"2025-04-21T23:00:56","slug":"entre-em-contato","status":"publish","type":"page","link":"https:\/\/giselebisacchi.com.br\/?page_id=2631","title":{"rendered":"Entre em Contato"},"content":{"rendered":"\t\t<div data-elementor-type=\"wp-page\" data-elementor-id=\"2631\" class=\"elementor elementor-2631\" data-elementor-post-type=\"page\">\n\t\t\t\t<div class=\"elementor-element elementor-element-0766d6e elementor-hidden-mobile e-flex e-con-boxed e-con e-parent\" data-id=\"0766d6e\" data-element_type=\"container\" data-settings=\"{&quot;background_background&quot;:&quot;classic&quot;}\">\n\t\t\t\t\t<div class=\"e-con-inner\">\n\t\t<div class=\"elementor-element elementor-element-13739c8 e-con-full e-flex e-con e-child\" data-id=\"13739c8\" data-element_type=\"container\">\n\t\t<div class=\"elementor-element elementor-element-617130e e-con-full e-flex e-con e-child\" data-id=\"617130e\" data-element_type=\"container\">\n\t\t\t\t<div class=\"elementor-element elementor-element-daf3a55 elementor-widget-laptop__width-initial elementor-widget__width-initial elementor-widget elementor-widget-image\" data-id=\"daf3a55\" data-element_type=\"widget\" data-widget_type=\"image.default\">\n\t\t\t\t<div class=\"elementor-widget-container\">\n\t\t\t\t\t\t\t\t\t\t\t\t\t\t\t\t<a href=\"http:\/\/giselebisacchi.com.br\">\n\t\t\t\t\t\t\t<img fetchpriority=\"high\" decoding=\"async\" width=\"904\" height=\"404\" src=\"https:\/\/giselebisacchi.com.br\/wp-content\/uploads\/2025\/04\/Arquiteta-Gis.png\" class=\"attachment-full size-full wp-image-2411\" alt=\"\" srcset=\"https:\/\/giselebisacchi.com.br\/wp-content\/uploads\/2025\/04\/Arquiteta-Gis.png 904w, https:\/\/giselebisacchi.com.br\/wp-content\/uploads\/2025\/04\/Arquiteta-Gis-300x134.png 300w, https:\/\/giselebisacchi.com.br\/wp-content\/uploads\/2025\/04\/Arquiteta-Gis-768x343.png 768w\" sizes=\"(max-width: 904px) 100vw, 904px\" \/>\t\t\t\t\t\t\t\t<\/a>\n\t\t\t\t\t\t\t\t\t\t\t\t\t\t\t<\/div>\n\t\t\t\t<\/div>\n\t\t<div class=\"elementor-element elementor-element-074eaf7 e-con-full e-flex e-con e-child\" data-id=\"074eaf7\" data-element_type=\"container\">\n\t\t\t\t<div class=\"elementor-element elementor-element-3d625bc hover-grow elementor-widget elementor-widget-text-editor\" data-id=\"3d625bc\" data-element_type=\"widget\" data-widget_type=\"text-editor.default\">\n\t\t\t\t<div class=\"elementor-widget-container\">\n\t\t\t\t\t\t\t\t\t<span style=\"color: #ffffff;\"><a style=\"color: #252525;\" href=\"https:\/\/giselebisacchi.com.br\/?page_id=2407\">PORTF\u00d3LIO<\/a><\/span>\t\t\t\t\t\t\t\t<\/div>\n\t\t\t\t<\/div>\n\t\t\t\t<div class=\"elementor-element elementor-element-760b529 hover-grow elementor-widget elementor-widget-text-editor\" data-id=\"760b529\" data-element_type=\"widget\" data-widget_type=\"text-editor.default\">\n\t\t\t\t<div class=\"elementor-widget-container\">\n\t\t\t\t\t\t\t\t\t<span style=\"color: #ffffff;\"><a style=\"color: #252525;\" href=\"https:\/\/giselebisacchi.com.br\/?page_id=2546\">A PROFISSIONAL<\/a><\/span>\t\t\t\t\t\t\t\t<\/div>\n\t\t\t\t<\/div>\n\t\t\t\t<div class=\"elementor-element elementor-element-01dbfe9 hover-grow elementor-widget elementor-widget-text-editor\" data-id=\"01dbfe9\" data-element_type=\"widget\" data-widget_type=\"text-editor.default\">\n\t\t\t\t<div class=\"elementor-widget-container\">\n\t\t\t\t\t\t\t\t\t<span style=\"color: #ffffff;\"><a style=\"color: #252525;\" href=\"https:\/\/giselebisacchi.com.br\/?page_id=2577\">CASA F\u00c1CIL<\/a><\/span>\t\t\t\t\t\t\t\t<\/div>\n\t\t\t\t<\/div>\n\t\t\t\t<div class=\"elementor-element elementor-element-6094382 hover-grow elementor-widget elementor-widget-text-editor\" data-id=\"6094382\" data-element_type=\"widget\" data-widget_type=\"text-editor.default\">\n\t\t\t\t<div class=\"elementor-widget-container\">\n\t\t\t\t\t\t\t\t\t<a href=\"https:\/\/giselebisacchi.com.br\/?page_id=2600\"><span style=\"color: #252525;\">V\u00cdDEOS<\/span><\/a>\t\t\t\t\t\t\t\t<\/div>\n\t\t\t\t<\/div>\n\t\t\t\t<div class=\"elementor-element elementor-element-b0ef8da hover-grow elementor-widget elementor-widget-text-editor\" data-id=\"b0ef8da\" data-element_type=\"widget\" data-widget_type=\"text-editor.default\">\n\t\t\t\t<div class=\"elementor-widget-container\">\n\t\t\t\t\t\t\t\t\t<span style=\"color: #ffffff;\"><a style=\"color: #252525;\" href=\"https:\/\/giselebisacchi.com.br\/?page_id=2631\">ENTRE EM CONTATO<\/a><\/span>\t\t\t\t\t\t\t\t<\/div>\n\t\t\t\t<\/div>\n\t\t\t\t<\/div>\n\t\t\t\t<\/div>\n\t\t\t\t<\/div>\n\t\t\t\t\t<\/div>\n\t\t\t\t<\/div>\n\t\t<div class=\"elementor-element elementor-element-2adf867 elementor-hidden-desktop elementor-hidden-laptop elementor-hidden-tablet e-flex e-con-boxed e-con e-parent\" data-id=\"2adf867\" data-element_type=\"container\" data-settings=\"{&quot;background_background&quot;:&quot;classic&quot;}\">\n\t\t\t\t\t<div class=\"e-con-inner\">\n\t\t<div class=\"elementor-element elementor-element-e9e871d e-con-full e-flex e-con e-child\" data-id=\"e9e871d\" data-element_type=\"container\">\n\t\t\t\t<div class=\"elementor-element elementor-element-689e055 elementor-widget-laptop__width-initial elementor-widget elementor-widget-image\" data-id=\"689e055\" data-element_type=\"widget\" data-widget_type=\"image.default\">\n\t\t\t\t<div class=\"elementor-widget-container\">\n\t\t\t\t\t\t\t\t\t\t\t\t\t\t\t<img fetchpriority=\"high\" decoding=\"async\" width=\"904\" height=\"404\" src=\"https:\/\/giselebisacchi.com.br\/wp-content\/uploads\/2025\/04\/Arquiteta-Gis.png\" class=\"attachment-full size-full wp-image-2411\" alt=\"\" srcset=\"https:\/\/giselebisacchi.com.br\/wp-content\/uploads\/2025\/04\/Arquiteta-Gis.png 904w, https:\/\/giselebisacchi.com.br\/wp-content\/uploads\/2025\/04\/Arquiteta-Gis-300x134.png 300w, https:\/\/giselebisacchi.com.br\/wp-content\/uploads\/2025\/04\/Arquiteta-Gis-768x343.png 768w\" sizes=\"(max-width: 904px) 100vw, 904px\" \/>\t\t\t\t\t\t\t\t\t\t\t\t\t\t\t<\/div>\n\t\t\t\t<\/div>\n\t\t\t\t<div class=\"elementor-element elementor-element-efbbe0d elementor-view-default elementor-widget elementor-widget-icon\" data-id=\"efbbe0d\" data-element_type=\"widget\" data-widget_type=\"icon.default\">\n\t\t\t\t<div class=\"elementor-widget-container\">\n\t\t\t\t\t\t\t<div class=\"elementor-icon-wrapper\">\n\t\t\t<a class=\"elementor-icon\" href=\"#elementor-action%3Aaction%3Dpopup%3Aopen%26settings%3DeyJpZCI6IjIzODciLCJ0b2dnbGUiOmZhbHNlfQ%3D%3D\">\n\t\t\t<i aria-hidden=\"true\" class=\"fas fa-bars\"><\/i>\t\t\t<\/a>\n\t\t<\/div>\n\t\t\t\t\t\t<\/div>\n\t\t\t\t<\/div>\n\t\t\t\t<\/div>\n\t\t\t\t\t<\/div>\n\t\t\t\t<\/div>\n\t\t<div class=\"elementor-element elementor-element-a832e48 e-flex e-con-boxed e-con e-parent\" data-id=\"a832e48\" data-element_type=\"container\" data-settings=\"{&quot;background_background&quot;:&quot;classic&quot;}\">\n\t\t\t\t\t<div class=\"e-con-inner\">\n\t\t<div class=\"elementor-element elementor-element-d4867df e-con-full elementor-hidden-mobile e-flex e-con e-child\" data-id=\"d4867df\" data-element_type=\"container\">\n\t\t\t\t<\/div>\n\t\t<div class=\"elementor-element elementor-element-79cc596 e-con-full e-flex e-con e-child\" data-id=\"79cc596\" data-element_type=\"container\">\n\t\t\t\t<div class=\"elementor-element elementor-element-438473b elementor-widget__width-initial elementor-widget elementor-widget-text-editor\" data-id=\"438473b\" data-element_type=\"widget\" data-widget_type=\"text-editor.default\">\n\t\t\t\t<div class=\"elementor-widget-container\">\n\t\t\t\t\t\t\t\t\t<h4>Fale Conosco<\/h4>\t\t\t\t\t\t\t\t<\/div>\n\t\t\t\t<\/div>\n\t\t\t\t<div class=\"elementor-element elementor-element-cc759be elementor-widget__width-initial elementor-widget elementor-widget-text-editor\" data-id=\"cc759be\" data-element_type=\"widget\" data-widget_type=\"text-editor.default\">\n\t\t\t\t<div class=\"elementor-widget-container\">\n\t\t\t\t\t\t\t\t\t<p>Envie sua mensagem por aqui ou no Whatsapp <br \/>(+55) 18-39085636<\/p>\t\t\t\t\t\t\t\t<\/div>\n\t\t\t\t<\/div>\n\t\t\t\t<div class=\"elementor-element elementor-element-f1d292f elementor-widget__width-initial elementor-button-align-stretch elementor-widget elementor-widget-form\" data-id=\"f1d292f\" data-element_type=\"widget\" data-settings=\"{&quot;step_next_label&quot;:&quot;Pr\\u00f3ximo&quot;,&quot;step_previous_label&quot;:&quot;Anterior&quot;,&quot;button_width&quot;:&quot;100&quot;,&quot;step_type&quot;:&quot;number_text&quot;,&quot;step_icon_shape&quot;:&quot;circle&quot;}\" data-widget_type=\"form.default\">\n\t\t\t\t<div class=\"elementor-widget-container\">\n\t\t\t\t\t\t\t<form class=\"elementor-form\" method=\"post\" name=\"Or\u00e7amento - Gisele Bisacchi\">\n\t\t\t<input type=\"hidden\" name=\"post_id\" value=\"2631\"\/>\n\t\t\t<input type=\"hidden\" name=\"form_id\" value=\"f1d292f\"\/>\n\t\t\t<input type=\"hidden\" name=\"referer_title\" value=\"\" \/>\n\n\t\t\t\n\t\t\t<div class=\"elementor-form-fields-wrapper elementor-labels-above\">\n\t\t\t\t\t\t\t\t<div class=\"elementor-field-type-text elementor-field-group elementor-column elementor-field-group-name elementor-col-100 elementor-field-required\">\n\t\t\t\t\t\t\t\t\t\t\t\t\t<input size=\"1\" type=\"text\" name=\"form_fields[name]\" id=\"form-field-name\" class=\"elementor-field elementor-size-sm  elementor-field-textual\" placeholder=\"Nome*\" required=\"required\">\n\t\t\t\t\t\t\t\t\t\t\t<\/div>\n\t\t\t\t\t\t\t\t<div class=\"elementor-field-type-email elementor-field-group elementor-column elementor-field-group-email elementor-col-100 elementor-field-required\">\n\t\t\t\t\t\t\t\t\t\t\t\t\t<input size=\"1\" type=\"email\" name=\"form_fields[email]\" id=\"form-field-email\" class=\"elementor-field elementor-size-sm  elementor-field-textual\" placeholder=\"E-mail*\" required=\"required\">\n\t\t\t\t\t\t\t\t\t\t\t<\/div>\n\t\t\t\t\t\t\t\t<div class=\"elementor-field-type-textarea elementor-field-group elementor-column elementor-field-group-message elementor-col-100 elementor-field-required\">\n\t\t\t\t\t<textarea class=\"elementor-field-textual elementor-field  elementor-size-sm\" name=\"form_fields[message]\" id=\"form-field-message\" rows=\"4\" placeholder=\"Mensagem*\" required=\"required\"><\/textarea>\t\t\t\t<\/div>\n\t\t\t\t\t\t\t\t<div class=\"elementor-field-group elementor-column elementor-field-type-submit elementor-col-100 e-form__buttons\">\n\t\t\t\t\t<button class=\"elementor-button elementor-size-sm\" type=\"submit\">\n\t\t\t\t\t\t<span class=\"elementor-button-content-wrapper\">\n\t\t\t\t\t\t\t\t\t\t\t\t\t\t\t\t\t\t\t\t\t\t<span class=\"elementor-button-text\">Enviar<\/span>\n\t\t\t\t\t\t\t\t\t\t\t\t\t<\/span>\n\t\t\t\t\t<\/button>\n\t\t\t\t<\/div>\n\t\t\t<\/div>\n\t\t<\/form>\n\t\t\t\t\t\t<\/div>\n\t\t\t\t<\/div>\n\t\t\t\t<\/div>\n\t\t\t\t\t<\/div>\n\t\t\t\t<\/div>\n\t\t<div class=\"elementor-element elementor-element-33f1930 e-flex e-con-boxed e-con e-parent\" data-id=\"33f1930\" data-element_type=\"container\" data-settings=\"{&quot;background_background&quot;:&quot;classic&quot;}\">\n\t\t\t\t\t<div class=\"e-con-inner\">\n\t\t\t\t<div class=\"elementor-element elementor-element-af2a7a4 elementor-widget__width-initial elementor-widget elementor-widget-google_maps\" data-id=\"af2a7a4\" data-element_type=\"widget\" data-widget_type=\"google_maps.default\">\n\t\t\t\t<div class=\"elementor-widget-container\">\n\t\t\t\t\t\t\t<div class=\"elementor-custom-embed\">\n\t\t\t<iframe loading=\"lazy\"\n\t\t\t\t\tsrc=\"https:\/\/maps.google.com\/maps?q=Avenida%20Coronel%20Jos%C3%A9%20Soares%20Marcondes%2C%201005%20-%20Bairro%20do%20Bosque%20-%20Presidente%20Prudente&#038;t=m&#038;z=10&#038;output=embed&#038;iwloc=near\"\n\t\t\t\t\ttitle=\"Avenida Coronel Jos\u00e9 Soares Marcondes, 1005 - Bairro do Bosque - Presidente Prudente\"\n\t\t\t\t\taria-label=\"Avenida Coronel Jos\u00e9 Soares Marcondes, 1005 - Bairro do Bosque - Presidente Prudente\"\n\t\t\t><\/iframe>\n\t\t<\/div>\n\t\t\t\t\t\t<\/div>\n\t\t\t\t<\/div>\n\t\t\t\t<div class=\"elementor-element elementor-element-82116c9 elementor-widget__width-initial elementor-widget elementor-widget-text-editor\" data-id=\"82116c9\" data-element_type=\"widget\" data-widget_type=\"text-editor.default\">\n\t\t\t\t<div class=\"elementor-widget-container\">\n\t\t\t\t\t\t\t\t\t<p>Nosso escrit\u00f3rio est\u00e1 aberto para te receber quando quiser. Sempre vai haver algu\u00e9m pronto para te escutar e entender sua demanda!<\/p>\t\t\t\t\t\t\t\t<\/div>\n\t\t\t\t<\/div>\n\t\t\t\t<div class=\"elementor-element elementor-element-e0825f5 elementor-widget__width-initial elementor-widget elementor-widget-text-editor\" data-id=\"e0825f5\" data-element_type=\"widget\" data-widget_type=\"text-editor.default\">\n\t\t\t\t<div class=\"elementor-widget-container\">\n\t\t\t\t\t\t\t\t\t<h4>Se preferir, visite-nos<\/h4>\t\t\t\t\t\t\t\t<\/div>\n\t\t\t\t<\/div>\n\t\t\t\t\t<\/div>\n\t\t\t\t<\/div>\n\t\t<div class=\"elementor-element elementor-element-9e99e98 e-flex e-con-boxed e-con e-parent\" data-id=\"9e99e98\" data-element_type=\"container\" data-settings=\"{&quot;background_background&quot;:&quot;classic&quot;}\">\n\t\t\t\t\t<div class=\"e-con-inner\">\n\t\t<div class=\"elementor-element elementor-element-ef9e13f e-con-full e-flex e-con e-child\" data-id=\"ef9e13f\" data-element_type=\"container\">\n\t\t\t\t<div class=\"elementor-element elementor-element-b47f938 elementor-view-stacked elementor-shape-circle elementor-widget elementor-widget-icon\" data-id=\"b47f938\" data-element_type=\"widget\" data-widget_type=\"icon.default\">\n\t\t\t\t<div class=\"elementor-widget-container\">\n\t\t\t\t\t\t\t<div class=\"elementor-icon-wrapper\">\n\t\t\t<a class=\"elementor-icon elementor-animation-grow\" href=\"https:\/\/www.instagram.com\/giselebisacchiarquiteta\/\">\n\t\t\t<i aria-hidden=\"true\" class=\"fab fa-instagram\"><\/i>\t\t\t<\/a>\n\t\t<\/div>\n\t\t\t\t\t\t<\/div>\n\t\t\t\t<\/div>\n\t\t\t\t<div class=\"elementor-element elementor-element-d5fc051 elementor-view-stacked elementor-shape-circle elementor-widget elementor-widget-icon\" data-id=\"d5fc051\" data-element_type=\"widget\" data-widget_type=\"icon.default\">\n\t\t\t\t<div class=\"elementor-widget-container\">\n\t\t\t\t\t\t\t<div class=\"elementor-icon-wrapper\">\n\t\t\t<a class=\"elementor-icon elementor-animation-grow\" href=\"https:\/\/www.facebook.com\/gibisacchi\" target=\"_blank\">\n\t\t\t<i aria-hidden=\"true\" class=\"fab fa-facebook-square\"><\/i>\t\t\t<\/a>\n\t\t<\/div>\n\t\t\t\t\t\t<\/div>\n\t\t\t\t<\/div>\n\t\t\t\t<div class=\"elementor-element elementor-element-b50087a elementor-view-stacked elementor-shape-circle elementor-widget elementor-widget-icon\" data-id=\"b50087a\" data-element_type=\"widget\" data-widget_type=\"icon.default\">\n\t\t\t\t<div class=\"elementor-widget-container\">\n\t\t\t\t\t\t\t<div class=\"elementor-icon-wrapper\">\n\t\t\t<a class=\"elementor-icon elementor-animation-grow\" href=\"https:\/\/api.whatsapp.com\/send?phone=5501839085636&#038;text=eu%20gostaria%20de%20um%20or%C3%A7amento%20de....\">\n\t\t\t<i aria-hidden=\"true\" class=\"fab fa-whatsapp\"><\/i>\t\t\t<\/a>\n\t\t<\/div>\n\t\t\t\t\t\t<\/div>\n\t\t\t\t<\/div>\n\t\t\t\t<\/div>\n\t\t<div class=\"elementor-element elementor-element-118c12e e-con-full e-flex e-con e-child\" data-id=\"118c12e\" data-element_type=\"container\">\n\t\t\t\t<div class=\"elementor-element elementor-element-d57306e elementor-widget__width-initial elementor-widget elementor-widget-text-editor\" data-id=\"d57306e\" data-element_type=\"widget\" data-widget_type=\"text-editor.default\">\n\t\t\t\t<div class=\"elementor-widget-container\">\n\t\t\t\t\t\t\t\t\tConstrutora Bisacchi Ltda\u00a0<BR> Avenida Coronel Jos\u00e9 Soares Marcondes,\n1005 &#8211; A &#8211; Centro &#8211; Presidente Prudente &#8211; SP<BR>\nTEL. +55 18-39085636\t\t\t\t\t\t\t\t<\/div>\n\t\t\t\t<\/div>\n\t\t\t\t<\/div>\n\t\t\t\t\t<\/div>\n\t\t\t\t<\/div>\n\t\t\t\t<\/div>\n\t\t","protected":false},"excerpt":{"rendered":"<p>PORTF\u00d3LIOA PROFISSIONALCASA F\u00c1CILV\u00cdDEOSENTRE EM CONTATO Fale Conosco Envie sua mensagem por aqui ou no Whatsapp (+55) 18-39085636 Nosso escrit\u00f3rio est\u00e1 aberto para te receber quando quiser. Sempre vai haver algu\u00e9m pronto para te escutar e entender sua demanda! Se preferir, visite-nos Construtora Bisacchi Ltda\u00a0 Avenida Coronel Jos\u00e9 Soares Marcondes, 1005 &#8211; A &#8211; Centro &#8211; [&hellip;]<\/p>\n","protected":false},"author":1,"featured_media":0,"parent":0,"menu_order":0,"comment_status":"closed","ping_status":"closed","template":"elementor_canvas","meta":{"footnotes":""},"class_list":["post-2631","page","type-page","status-publish","hentry"],"_links":{"self":[{"href":"https:\/\/giselebisacchi.com.br\/index.php?rest_route=\/wp\/v2\/pages\/2631","targetHints":{"allow":["GET"]}}],"collection":[{"href":"https:\/\/giselebisacchi.com.br\/index.php?rest_route=\/wp\/v2\/pages"}],"about":[{"href":"https:\/\/giselebisacchi.com.br\/index.php?rest_route=\/wp\/v2\/types\/page"}],"author":[{"embeddable":true,"href":"https:\/\/giselebisacchi.com.br\/index.php?rest_route=\/wp\/v2\/users\/1"}],"replies":[{"embeddable":true,"href":"https:\/\/giselebisacchi.com.br\/index.php?rest_route=%2Fwp%2Fv2%2Fcomments&post=2631"}],"version-history":[{"count":45,"href":"https:\/\/giselebisacchi.com.br\/index.php?rest_route=\/wp\/v2\/pages\/2631\/revisions"}],"predecessor-version":[{"id":2790,"href":"https:\/\/giselebisacchi.com.br\/index.php?rest_route=\/wp\/v2\/pages\/2631\/revisions\/2790"}],"wp:attachment":[{"href":"https:\/\/giselebisacchi.com.br\/index.php?rest_route=%2Fwp%2Fv2%2Fmedia&parent=2631"}],"curies":[{"name":"wp","href":"https:\/\/api.w.org\/{rel}","templated":true}]}}